{"id":32967,"date":"2025-06-06T11:39:32","date_gmt":"2025-06-06T09:39:32","guid":{"rendered":"https:\/\/legapass.com\/?page_id=32967"},"modified":"2026-04-10T16:30:11","modified_gmt":"2026-04-10T14:30:11","slug":"rendez-vous-demonstration","status":"publish","type":"page","link":"https:\/\/legapass.com\/ru\/%d0%bd%d0%b0%d0%b7%d0%bd%d0%b0%d1%87%d0%b5%d0%bd%d0%b8%d0%b5-%d0%b4%d0%b5%d0%bc%d0%be%d0%bd%d1%81%d1%82%d1%80%d0%b0%d1%86%d0%b8%d1%8f\/","title":{"rendered":"\u0414\u0435\u043c\u043e\u043d\u0441\u0442\u0440\u0430\u0446\u0438\u043e\u043d\u043d\u0430\u044f \u0432\u0441\u0442\u0440\u0435\u0447\u0430"},"content":{"rendered":"<div data-elementor-type=\"wp-page\" data-elementor-id=\"32967\" class=\"elementor elementor-32967\" data-elementor-post-type=\"page\">\n\t\t\t\t<div class=\"elementor-element elementor-element-35c16a05 e-flex e-con-boxed e-con e-parent\" data-id=\"35c16a05\" data-element_type=\"container\" data-e-type=\"container\">\n\t\t\t\t\t<div class=\"e-con-inner\">\n\t\t<div class=\"elementor-element elementor-element-a4201e3 e-con-full e-flex e-con e-child\" data-id=\"a4201e3\" data-element_type=\"container\" data-e-type=\"container\">\n\t\t\t\t<div class=\"elementor-element elementor-element-5b3645dc elementor-widget elementor-widget-heading\" data-id=\"5b3645dc\" data-element_type=\"widget\" data-e-type=\"widget\" data-widget_type=\"heading.default\">\n\t\t\t\t\t<h2 class=\"elementor-heading-title elementor-size-default\">\u0417\u0430\u0431\u0440\u043e\u043d\u0438\u0440\u0443\u0439\u0442\u0435 \u0434\u0435\u043c\u043e\u043d\u0441\u0442\u0440\u0430\u0446\u0438\u044e<\/h2>\t\t\t\t<\/div>\n\t\t\t\t<div class=\"elementor-element elementor-element-d8ecb7b elementor-widget elementor-widget-text-editor\" data-id=\"d8ecb7b\" data-element_type=\"widget\" data-e-type=\"widget\" data-widget_type=\"text-editor.default\">\n\t\t\t\t\t\t\t\t\t<p>\u0412\u044b\u0431\u0435\u0440\u0438\u0442\u0435 \u043f\u0440\u043e\u0434\u0443\u043a\u0442 Legapass, \u0434\u043b\u044f \u043a\u043e\u0442\u043e\u0440\u043e\u0433\u043e \u0412\u044b \u0445\u043e\u0442\u0435\u043b\u0438 \u0431\u044b \u043f\u043e\u043b\u0443\u0447\u0438\u0442\u044c \u043f\u0435\u0440\u0441\u043e\u043d\u0430\u043b\u044c\u043d\u0443\u044e \u0434\u0435\u043c\u043e\u043d\u0441\u0442\u0440\u0430\u0446\u0438\u044e \u0441 \u043e\u0434\u043d\u0438\u043c \u0438\u0437 \u043d\u0430\u0448\u0438\u0445 \u0441\u043e\u0442\u0440\u0443\u0434\u043d\u0438\u043a\u043e\u0432.\u00a0<\/p>\t\t\t\t\t\t\t\t<\/div>\n\t\t\t\t<\/div>\n\t\t<div class=\"elementor-element elementor-element-795786e e-con-full e-flex e-con e-child\" data-id=\"795786e\" data-element_type=\"container\" data-e-type=\"container\">\n\t\t<div class=\"elementor-element elementor-element-d9d0aec e-con-full e-flex e-con e-child\" data-id=\"d9d0aec\" data-element_type=\"container\" data-e-type=\"container\">\n\t\t<div class=\"elementor-element elementor-element-1055650 e-con-full e-flex e-con e-child\" data-id=\"1055650\" data-element_type=\"container\" data-e-type=\"container\">\n\t\t<div class=\"elementor-element elementor-element-e2639c6 e-con-full e-flex e-con e-child\" data-id=\"e2639c6\" data-element_type=\"container\" data-e-type=\"container\" data-settings=\"{&quot;background_background&quot;:&quot;classic&quot;}\">\n\t\t\t\t<div class=\"elementor-element elementor-element-9a46037 elementor-widget elementor-widget-text-editor\" data-id=\"9a46037\" data-element_type=\"widget\" data-e-type=\"widget\" data-widget_type=\"text-editor.default\">\n\t\t\t\t\t\t\t\t\t<p>NOTAIRES<\/p>\t\t\t\t\t\t\t\t<\/div>\n\t\t\t\t<\/div>\n\t\t<div class=\"elementor-element elementor-element-dc25a05 e-con-full e-flex e-con e-child\" data-id=\"dc25a05\" data-element_type=\"container\" data-e-type=\"container\">\n\t\t<div class=\"elementor-element elementor-element-2a47882 e-con-full e-flex e-con e-child\" data-id=\"2a47882\" data-element_type=\"container\" data-e-type=\"container\">\n\t\t<a class=\"elementor-element elementor-element-5fe68f3 e-con-full e-flex e-con e-child\" data-id=\"5fe68f3\" data-element_type=\"container\" data-e-type=\"container\" href=\"https:\/\/rdv.adnov.fr\/web\/widget\/?c=XZaC4y1A2Tyd2CvzTLneqiU5fR03rfQHEg3zsdgVM40%3D&#038;cs=false&#038;lang=fr&#038;service=1017478226427037&#038;source=legapass\" target=\"_blank\" rel=\"nofollow noopener\">\n\t\t\t\t<div class=\"elementor-element elementor-element-83ec5ef elementor-widget__width-auto elementor-widget elementor-widget-image\" data-id=\"83ec5ef\" data-element_type=\"widget\" data-e-type=\"widget\" data-widget_type=\"image.default\">\n\t\t\t\t\t\t\t\t\t\t\t\t\t\t\t<img fetchpriority=\"high\" decoding=\"async\" width=\"800\" height=\"393\" src=\"https:\/\/wp-front.cellar-c2.services.clever-cloud.com\/uploads\/2025\/04\/viginot-adnov-vf@4x-1024x503.png\" class=\"attachment-large size-large wp-image-32026\" alt=\"\" srcset=\"https:\/\/wp-front.cellar-c2.services.clever-cloud.com\/uploads\/2025\/04\/viginot-adnov-vf@4x-1024x503.png 1024w, https:\/\/wp-front.cellar-c2.services.clever-cloud.com\/uploads\/2025\/04\/viginot-adnov-vf@4x-300x147.png 300w, https:\/\/wp-front.cellar-c2.services.clever-cloud.com\/uploads\/2025\/04\/viginot-adnov-vf@4x-768x377.png 768w, https:\/\/wp-front.cellar-c2.services.clever-cloud.com\/uploads\/2025\/04\/viginot-adnov-vf@4x-1536x754.png 1536w, https:\/\/wp-front.cellar-c2.services.clever-cloud.com\/uploads\/2025\/04\/viginot-adnov-vf@4x-2048x1005.png 2048w, https:\/\/wp-front.cellar-c2.services.clever-cloud.com\/uploads\/2025\/04\/viginot-adnov-vf@4x-18x9.png 18w\" sizes=\"(max-width: 800px) 100vw, 800px\" \/>\t\t\t\t\t\t\t\t\t\t\t\t\t\t\t<\/div>\n\t\t<div class=\"elementor-element elementor-element-b8d21ec e-con-full e-flex e-con e-child\" data-id=\"b8d21ec\" data-element_type=\"container\" data-e-type=\"container\">\n\t\t\t\t<div class=\"elementor-element elementor-element-cc1687e elementor-widget elementor-widget-heading\" data-id=\"cc1687e\" data-element_type=\"widget\" data-e-type=\"widget\" data-widget_type=\"heading.default\">\n\t\t\t\t\t<h3 class=\"elementor-heading-title elementor-size-default\">\u041f\u0440\u0435\u0434\u0441\u0442\u0430\u0432\u043b\u044f\u0435\u043c VigiNot<\/h3>\t\t\t\t<\/div>\n\t\t\t\t<div class=\"elementor-element elementor-element-ae731b5 elementor-widget elementor-widget-text-editor\" data-id=\"ae731b5\" data-element_type=\"widget\" data-e-type=\"widget\" data-widget_type=\"text-editor.default\">\n\t\t\t\t\t\t\t\t\t<p>Automatisez vos obligations de vigilance LCB-FT.<\/p>\t\t\t\t\t\t\t\t<\/div>\n\t\t\t\t<\/div>\n\t\t\t\t<div class=\"elementor-element elementor-element-b619d05 elementor-hidden-desktop elementor-hidden-mobile elementor-widget elementor-widget-image\" data-id=\"b619d05\" data-element_type=\"widget\" data-e-type=\"widget\" data-widget_type=\"image.default\">\n\t\t\t\t\t\t\t\t\t\t\t\t\t\t\t<img decoding=\"async\" width=\"24\" height=\"24\" data-src=\"https:\/\/wp-front.cellar-c2.services.clever-cloud.com\/uploads\/2023\/11\/arrow-right-blue.svg\" class=\"attachment-large size-large wp-image-28505 lazyload\" alt=\"\" src=\"data:image\/svg+xml;base64,PHN2ZyB3aWR0aD0iMSIgaGVpZ2h0PSIxIiB4bWxucz0iaHR0cDovL3d3dy53My5vcmcvMjAwMC9zdmciPjwvc3ZnPg==\" style=\"--smush-placeholder-width: 24px; --smush-placeholder-aspect-ratio: 24\/24;\" \/>\t\t\t\t\t\t\t\t\t\t\t\t\t\t\t<\/div>\n\t\t\t\t<\/a>\n\t\t<a class=\"elementor-element elementor-element-f336a69 e-con-full e-flex e-con e-child\" data-id=\"f336a69\" data-element_type=\"container\" data-e-type=\"container\" href=\"http:\/\/legapass.com\/ru\/booking-notaires\/\" target=\"_blank\">\n\t\t\t\t<div class=\"elementor-element elementor-element-106fd3c elementor-widget__width-auto elementor-widget elementor-widget-image\" data-id=\"106fd3c\" data-element_type=\"widget\" data-e-type=\"widget\" data-widget_type=\"image.default\">\n\t\t\t\t\t\t\t\t\t\t\t\t\t\t\t<img decoding=\"async\" width=\"200\" height=\"99\" data-src=\"https:\/\/wp-front.cellar-c2.services.clever-cloud.com\/uploads\/2025\/01\/logo-radar-new.svg\" class=\"attachment-large size-large wp-image-30671 lazyload\" alt=\"\" src=\"data:image\/svg+xml;base64,PHN2ZyB3aWR0aD0iMSIgaGVpZ2h0PSIxIiB4bWxucz0iaHR0cDovL3d3dy53My5vcmcvMjAwMC9zdmciPjwvc3ZnPg==\" style=\"--smush-placeholder-width: 200px; --smush-placeholder-aspect-ratio: 200\/99;\" \/>\t\t\t\t\t\t\t\t\t\t\t\t\t\t\t<\/div>\n\t\t<div class=\"elementor-element elementor-element-cb929ae e-con-full e-flex e-con e-child\" data-id=\"cb929ae\" data-element_type=\"container\" data-e-type=\"container\">\n\t\t\t\t<div class=\"elementor-element elementor-element-9ae8b44 elementor-widget elementor-widget-heading\" data-id=\"9ae8b44\" data-element_type=\"widget\" data-e-type=\"widget\" data-widget_type=\"heading.default\">\n\t\t\t\t\t<h3 class=\"elementor-heading-title elementor-size-default\">\u041f\u0440\u0435\u0437\u0435\u043d\u0442\u0430\u0446\u0438\u044f \u0440\u0430\u0434\u0430\u0440\u0430<span style=\"background-color: transparent;font-family: Poppins, sans-serif\"><\/span><\/h3>\t\t\t\t<\/div>\n\t\t\t\t<div class=\"elementor-element elementor-element-a2e74bc elementor-widget elementor-widget-text-editor\" data-id=\"a2e74bc\" data-element_type=\"widget\" data-e-type=\"widget\" data-widget_type=\"text-editor.default\">\n\t\t\t\t\t\t\t\t\t<p>Simplifiez la recherche d&#8217;actifs dans les successions.<\/p>\t\t\t\t\t\t\t\t<\/div>\n\t\t\t\t<\/div>\n\t\t\t\t<div class=\"elementor-element elementor-element-ea73604 elementor-hidden-desktop elementor-hidden-mobile elementor-widget elementor-widget-image\" data-id=\"ea73604\" data-element_type=\"widget\" data-e-type=\"widget\" data-widget_type=\"image.default\">\n\t\t\t\t\t\t\t\t\t\t\t\t\t\t\t<img decoding=\"async\" width=\"24\" height=\"24\" data-src=\"https:\/\/wp-front.cellar-c2.services.clever-cloud.com\/uploads\/2023\/11\/arrow-right-blue.svg\" class=\"attachment-large size-large wp-image-28505 lazyload\" alt=\"\" src=\"data:image\/svg+xml;base64,PHN2ZyB3aWR0aD0iMSIgaGVpZ2h0PSIxIiB4bWxucz0iaHR0cDovL3d3dy53My5vcmcvMjAwMC9zdmciPjwvc3ZnPg==\" style=\"--smush-placeholder-width: 24px; --smush-placeholder-aspect-ratio: 24\/24;\" \/>\t\t\t\t\t\t\t\t\t\t\t\t\t\t\t<\/div>\n\t\t\t\t<\/a>\n\t\t\t\t<\/div>\n\t\t\t\t<\/div>\n\t\t\t\t<\/div>\n\t\t<div class=\"elementor-element elementor-element-f5738c2 e-con-full e-flex e-con e-child\" data-id=\"f5738c2\" data-element_type=\"container\" data-e-type=\"container\">\n\t\t<div class=\"elementor-element elementor-element-e0e4d92 e-con-full e-flex e-con e-child\" data-id=\"e0e4d92\" data-element_type=\"container\" data-e-type=\"container\" data-settings=\"{&quot;background_background&quot;:&quot;classic&quot;}\">\n\t\t\t\t<div class=\"elementor-element elementor-element-1a806bd elementor-widget elementor-widget-text-editor\" data-id=\"1a806bd\" data-element_type=\"widget\" data-e-type=\"widget\" data-widget_type=\"text-editor.default\">\n\t\t\t\t\t\t\t\t\t<p>PROFESSIONNELS DE L&#8217;IMMOBILIER<\/p>\t\t\t\t\t\t\t\t<\/div>\n\t\t\t\t<\/div>\n\t\t<div class=\"elementor-element elementor-element-bc90f56 e-con-full e-flex e-con e-child\" data-id=\"bc90f56\" data-element_type=\"container\" data-e-type=\"container\">\n\t\t<div class=\"elementor-element elementor-element-e30ddd6 e-con-full e-flex e-con e-child\" data-id=\"e30ddd6\" data-element_type=\"container\" data-e-type=\"container\">\n\t\t<a class=\"elementor-element elementor-element-e799b3f e-con-full e-flex e-con e-child\" data-id=\"e799b3f\" data-element_type=\"container\" data-e-type=\"container\" href=\"https:\/\/147536412.hs-sites-eu1.com\/d%C3%A9mo-priv%C3%A9e-vigimmo-30-min\" target=\"_blank\" rel=\"nofollow noopener\">\n\t\t\t\t<div class=\"elementor-element elementor-element-bf66bee elementor-widget__width-auto elementor-widget elementor-widget-image\" data-id=\"bf66bee\" data-element_type=\"widget\" data-e-type=\"widget\" data-widget_type=\"image.default\">\n\t\t\t\t\t\t\t\t\t\t\t\t\t\t\t<img decoding=\"async\" width=\"800\" height=\"217\" data-src=\"https:\/\/wp-front.cellar-c2.services.clever-cloud.com\/uploads\/2026\/03\/logo-vigimmo-vf@4x-8-1-1024x278.png\" class=\"attachment-large size-large wp-image-35455 lazyload\" alt=\"\" data-srcset=\"https:\/\/wp-front.cellar-c2.services.clever-cloud.com\/uploads\/2026\/03\/logo-vigimmo-vf@4x-8-1-1024x278.png 1024w, https:\/\/wp-front.cellar-c2.services.clever-cloud.com\/uploads\/2026\/03\/logo-vigimmo-vf@4x-8-1-300x81.png 300w, https:\/\/wp-front.cellar-c2.services.clever-cloud.com\/uploads\/2026\/03\/logo-vigimmo-vf@4x-8-1-768x208.png 768w, https:\/\/wp-front.cellar-c2.services.clever-cloud.com\/uploads\/2026\/03\/logo-vigimmo-vf@4x-8-1-1536x417.png 1536w, https:\/\/wp-front.cellar-c2.services.clever-cloud.com\/uploads\/2026\/03\/logo-vigimmo-vf@4x-8-1-2048x556.png 2048w, https:\/\/wp-front.cellar-c2.services.clever-cloud.com\/uploads\/2026\/03\/logo-vigimmo-vf@4x-8-1-18x5.png 18w\" data-sizes=\"(max-width: 800px) 100vw, 800px\" src=\"data:image\/svg+xml;base64,PHN2ZyB3aWR0aD0iMSIgaGVpZ2h0PSIxIiB4bWxucz0iaHR0cDovL3d3dy53My5vcmcvMjAwMC9zdmciPjwvc3ZnPg==\" style=\"--smush-placeholder-width: 800px; --smush-placeholder-aspect-ratio: 800\/217;\" \/>\t\t\t\t\t\t\t\t\t\t\t\t\t\t\t<\/div>\n\t\t<div class=\"elementor-element elementor-element-8ca9b59 e-con-full e-flex e-con e-child\" data-id=\"8ca9b59\" data-element_type=\"container\" data-e-type=\"container\">\n\t\t\t\t<div class=\"elementor-element elementor-element-ea69fd4 elementor-widget elementor-widget-heading\" data-id=\"ea69fd4\" data-element_type=\"widget\" data-e-type=\"widget\" data-widget_type=\"heading.default\">\n\t\t\t\t\t<h3 class=\"elementor-heading-title elementor-size-default\">Pr\u00e9sentation VigImmo<span style=\"background-color: transparent;font-family: Poppins, sans-serif\"><\/span><\/h3>\t\t\t\t<\/div>\n\t\t\t\t<div class=\"elementor-element elementor-element-494e5bd elementor-widget elementor-widget-text-editor\" data-id=\"494e5bd\" data-element_type=\"widget\" data-e-type=\"widget\" data-widget_type=\"text-editor.default\">\n\t\t\t\t\t\t\t\t\t<p>L&#8217;outil qui automatise vos obligations de vigilance en 30 secondes.\u00a0<\/p>\t\t\t\t\t\t\t\t<\/div>\n\t\t\t\t<\/div>\n\t\t\t\t<div class=\"elementor-element elementor-element-3cd146b elementor-hidden-desktop elementor-hidden-mobile elementor-widget elementor-widget-image\" data-id=\"3cd146b\" data-element_type=\"widget\" data-e-type=\"widget\" data-widget_type=\"image.default\">\n\t\t\t\t\t\t\t\t\t\t\t\t\t\t\t<img decoding=\"async\" width=\"24\" height=\"24\" data-src=\"https:\/\/wp-front.cellar-c2.services.clever-cloud.com\/uploads\/2023\/11\/arrow-right-blue.svg\" class=\"attachment-large size-large wp-image-28505 lazyload\" alt=\"\" src=\"data:image\/svg+xml;base64,PHN2ZyB3aWR0aD0iMSIgaGVpZ2h0PSIxIiB4bWxucz0iaHR0cDovL3d3dy53My5vcmcvMjAwMC9zdmciPjwvc3ZnPg==\" style=\"--smush-placeholder-width: 24px; --smush-placeholder-aspect-ratio: 24\/24;\" \/>\t\t\t\t\t\t\t\t\t\t\t\t\t\t\t<\/div>\n\t\t\t\t<\/a>\n\t\t\t\t<\/div>\n\t\t\t\t<\/div>\n\t\t\t\t<\/div>\n\t\t\t\t<\/div>\n\t\t\t\t<\/div>\n\t\t\t\t\t<\/div>\n\t\t\t\t<\/div>\n\t\t\t\t<\/div>","protected":false},"excerpt":{"rendered":"<p>R\u00e9servez une d\u00e9monstration Choisissez le produit Legapass pour lequel vous souhaitez avoir une d\u00e9monstration personnalis\u00e9e avec l&#8217;un de nos collaborateurs.\u00a0 NOTAIRES Pr\u00e9sentation VigiNot Automatisez vos obligations de vigilance LCB-FT. Pr\u00e9sentation Radar Simplifiez la recherche d&#8217;actifs dans les successions. PROFESSIONNELS DE L&#8217;IMMOBILIER Pr\u00e9sentation VigImmo L&#8217;outil qui automatise vos obligations de vigilance en 30 secondes.\u00a0<\/p>","protected":false},"author":20,"featured_media":0,"parent":0,"menu_order":0,"comment_status":"closed","ping_status":"closed","template":"elementor_header_footer","meta":{"footnotes":""},"class_list":["post-32967","page","type-page","status-publish","hentry"],"_links":{"self":[{"href":"https:\/\/legapass.com\/ru\/wp-json\/wp\/v2\/pages\/32967","targetHints":{"allow":["GET"]}}],"collection":[{"href":"https:\/\/legapass.com\/ru\/wp-json\/wp\/v2\/pages"}],"about":[{"href":"https:\/\/legapass.com\/ru\/wp-json\/wp\/v2\/types\/page"}],"author":[{"embeddable":true,"href":"https:\/\/legapass.com\/ru\/wp-json\/wp\/v2\/users\/20"}],"replies":[{"embeddable":true,"href":"https:\/\/legapass.com\/ru\/wp-json\/wp\/v2\/comments?post=32967"}],"version-history":[{"count":5,"href":"https:\/\/legapass.com\/ru\/wp-json\/wp\/v2\/pages\/32967\/revisions"}],"predecessor-version":[{"id":35791,"href":"https:\/\/legapass.com\/ru\/wp-json\/wp\/v2\/pages\/32967\/revisions\/35791"}],"wp:attachment":[{"href":"https:\/\/legapass.com\/ru\/wp-json\/wp\/v2\/media?parent=32967"}],"curies":[{"name":"wp","href":"https:\/\/api.w.org\/{rel}","templated":true}]}}