{"id":8057,"date":"2023-02-16T17:50:10","date_gmt":"2023-02-16T15:50:10","guid":{"rendered":"https:\/\/legapass.com\/?page_id=8057"},"modified":"2026-01-07T17:16:54","modified_gmt":"2026-01-07T15:16:54","slug":"guides","status":"publish","type":"page","link":"https:\/\/legapass.com\/es\/guias\/","title":{"rendered":"Gu\u00edas"},"content":{"rendered":"<div data-elementor-type=\"wp-page\" data-elementor-id=\"8057\" class=\"elementor elementor-8057\" data-elementor-post-type=\"page\">\n\t\t\t\t\t\t<section class=\"elementor-section elementor-top-section elementor-element elementor-element-229bf5c elementor-section-boxed elementor-section-height-default elementor-section-height-default\" data-id=\"229bf5c\" data-element_type=\"section\" data-e-type=\"section\">\n\t\t\t\t\t\t<div class=\"elementor-container elementor-column-gap-default\">\n\t\t\t\t\t<div class=\"elementor-column elementor-col-100 elementor-top-column elementor-element elementor-element-553b179\" data-id=\"553b179\" data-element_type=\"column\" data-e-type=\"column\">\n\t\t\t<div class=\"elementor-widget-wrap elementor-element-populated\">\n\t\t\t\t\t\t<div class=\"elementor-element elementor-element-b0b5fa2 elementor-widget__width-initial elementor-widget elementor-widget-text-editor\" data-id=\"b0b5fa2\" data-element_type=\"widget\" data-e-type=\"widget\" data-widget_type=\"text-editor.default\">\n\t\t\t\t\t\t\t\t\tRESUMEN :\n<ul>\n \t<li><a href=\"#legapass\">Legapass Help Centre: \u00bfC\u00f3mo utilizar correctamente la soluci\u00f3n?<\/a><\/li>\n \t<li><a href=\"#cybersecurite\">Aprenda todo sobre las buenas pr\u00e1cticas de ciberseguridad<\/a><\/li>\n \t<li><a href=\"#deces\">Gu\u00edas para gestionar las cuentas digitales tras un fallecimiento<\/a><\/li>\n<\/ul>\t\t\t\t\t\t\t\t<\/div>\n\t\t\t\t<div class=\"elementor-element elementor-element-c1ee913 elementor-widget elementor-widget-spacer\" data-id=\"c1ee913\" data-element_type=\"widget\" data-e-type=\"widget\" data-widget_type=\"spacer.default\">\n\t\t\t\t\t\t\t<div class=\"elementor-spacer\">\n\t\t\t<div class=\"elementor-spacer-inner\"><\/div>\n\t\t<\/div>\n\t\t\t\t\t\t<\/div>\n\t\t\t\t<div class=\"elementor-element elementor-element-b0231d0 elementor-widget elementor-widget-menu-anchor\" data-id=\"b0231d0\" data-element_type=\"widget\" data-e-type=\"widget\" data-widget_type=\"menu-anchor.default\">\n\t\t\t\t\t\t\t<div class=\"elementor-menu-anchor\" id=\"legapass\"><\/div>\n\t\t\t\t\t\t<\/div>\n\t\t\t\t<div class=\"elementor-element elementor-element-7606b89 elementor-widget__width-initial elementor-widget elementor-widget-text-editor\" data-id=\"7606b89\" data-element_type=\"widget\" data-e-type=\"widget\" data-widget_type=\"text-editor.default\">\n\t\t\t\t\t\t\t\t\t<h2 id=\"testament-olographe\"><strong>Legapass Help Centre: \u00bfC\u00f3mo utilizar correctamente la soluci\u00f3n?<\/strong><\/h2>\t\t\t\t\t\t\t\t<\/div>\n\t\t\t\t<div class=\"elementor-element elementor-element-9909868 elementor-widget elementor-widget-spacer\" data-id=\"9909868\" data-element_type=\"widget\" data-e-type=\"widget\" data-widget_type=\"spacer.default\">\n\t\t\t\t\t\t\t<div class=\"elementor-spacer\">\n\t\t\t<div class=\"elementor-spacer-inner\"><\/div>\n\t\t<\/div>\n\t\t\t\t\t\t<\/div>\n\t\t\t\t\t<\/div>\n\t\t<\/div>\n\t\t\t\t\t<\/div>\n\t\t<\/section>\n\t\t\t\t<section class=\"elementor-section elementor-top-section elementor-element elementor-element-f47d6c8 elementor-section-boxed elementor-section-height-default elementor-section-height-default\" data-id=\"f47d6c8\" data-element_type=\"section\" data-e-type=\"section\">\n\t\t\t\t\t\t<div class=\"elementor-container elementor-column-gap-default\">\n\t\t\t\t\t<div class=\"elementor-column elementor-col-100 elementor-top-column elementor-element elementor-element-30c4553\" data-id=\"30c4553\" data-element_type=\"column\" data-e-type=\"column\">\n\t\t\t<div class=\"elementor-widget-wrap elementor-element-populated\">\n\t\t\t\t\t\t<div class=\"elementor-element elementor-element-c502fb2 elementor-widget elementor-widget-menu-anchor\" data-id=\"c502fb2\" data-element_type=\"widget\" data-e-type=\"widget\" data-widget_type=\"menu-anchor.default\">\n\t\t\t\t\t\t\t<div class=\"elementor-menu-anchor\" id=\"cybersecurite\"><\/div>\n\t\t\t\t\t\t<\/div>\n\t\t\t\t<div class=\"elementor-element elementor-element-93d73d4 elementor-widget__width-initial elementor-widget elementor-widget-text-editor\" data-id=\"93d73d4\" data-element_type=\"widget\" data-e-type=\"widget\" data-widget_type=\"text-editor.default\">\n\t\t\t\t\t\t\t\t\t<h2 id=\"testament-olographe\"><strong>Aprenda todo sobre las buenas pr\u00e1cticas de ciberseguridad<\/strong><\/h2>\t\t\t\t\t\t\t\t<\/div>\n\t\t\t\t<div class=\"elementor-element elementor-element-00dd7c6 elementor-widget elementor-widget-spacer\" data-id=\"00dd7c6\" data-element_type=\"widget\" data-e-type=\"widget\" data-widget_type=\"spacer.default\">\n\t\t\t\t\t\t\t<div class=\"elementor-spacer\">\n\t\t\t<div class=\"elementor-spacer-inner\"><\/div>\n\t\t<\/div>\n\t\t\t\t\t\t<\/div>\n\t\t\t\t\t<\/div>\n\t\t<\/div>\n\t\t\t\t\t<\/div>\n\t\t<\/section>\n\t\t\t\t<\/div>","protected":false},"excerpt":{"rendered":"<p>SOMMAIRE : Centre d&#8217;Aide Legapass : Comment bien utiliser la solution ? Devenez incollable sur les bonnes pratiques de cybers\u00e9curit\u00e9 ! Guides gestion de comptes num\u00e9riques apr\u00e8s un d\u00e9c\u00e8s Centre d&#8217;Aide Legapass : Comment bien utiliser la solution ? Devenez incollable sur les bonnes pratiques de cybers\u00e9curit\u00e9 !<\/p>","protected":false},"author":7,"featured_media":0,"parent":0,"menu_order":0,"comment_status":"closed","ping_status":"closed","template":"","meta":{"footnotes":""},"class_list":["post-8057","page","type-page","status-publish","hentry"],"_links":{"self":[{"href":"https:\/\/legapass.com\/es\/wp-json\/wp\/v2\/pages\/8057","targetHints":{"allow":["GET"]}}],"collection":[{"href":"https:\/\/legapass.com\/es\/wp-json\/wp\/v2\/pages"}],"about":[{"href":"https:\/\/legapass.com\/es\/wp-json\/wp\/v2\/types\/page"}],"author":[{"embeddable":true,"href":"https:\/\/legapass.com\/es\/wp-json\/wp\/v2\/users\/7"}],"replies":[{"embeddable":true,"href":"https:\/\/legapass.com\/es\/wp-json\/wp\/v2\/comments?post=8057"}],"version-history":[{"count":5,"href":"https:\/\/legapass.com\/es\/wp-json\/wp\/v2\/pages\/8057\/revisions"}],"predecessor-version":[{"id":35204,"href":"https:\/\/legapass.com\/es\/wp-json\/wp\/v2\/pages\/8057\/revisions\/35204"}],"wp:attachment":[{"href":"https:\/\/legapass.com\/es\/wp-json\/wp\/v2\/media?parent=8057"}],"curies":[{"name":"wp","href":"https:\/\/api.w.org\/{rel}","templated":true}]}}